{"id":6606,"date":"2020-05-21T23:39:35","date_gmt":"2020-05-21T21:39:35","guid":{"rendered":"http:\/\/wordpress.waynium.com\/?page_id=6606"},"modified":"2022-07-27T09:36:51","modified_gmt":"2022-07-27T07:36:51","slug":"ventajas-de-la-aplicacion-movil-way-d","status":"publish","type":"page","link":"https:\/\/www.way-plan.com\/es\/benefits-of-way-d-mobile-application\/","title":{"rendered":"Ventajas de la aplicaci\u00f3n m\u00f3vil WAY-D"},"content":{"rendered":"\t\t<div data-elementor-type=\"wp-page\" data-elementor-id=\"6606\" class=\"elementor elementor-6606\" data-elementor-post-type=\"page\">\n\t\t\t\t\t\t<section class=\"elementor-section elementor-top-section elementor-element elementor-element-2919414 elementor-section-boxed elementor-section-height-default elementor-section-height-default\" data-id=\"2919414\" data-element_type=\"section\" data-e-type=\"section\" data-settings=\"{&quot;jet_parallax_layout_list&quot;:[{&quot;jet_parallax_layout_image&quot;:{&quot;url&quot;:&quot;&quot;,&quot;id&quot;:&quot;&quot;,&quot;size&quot;:&quot;&quot;},&quot;_id&quot;:&quot;f9051c5&quot;,&quot;jet_parallax_layout_image_tablet&quot;:{&quot;url&quot;:&quot;&quot;,&quot;id&quot;:&quot;&quot;,&quot;size&quot;:&quot;&quot;},&quot;jet_parallax_layout_image_mobile&quot;:{&quot;url&quot;:&quot;&quot;,&quot;id&quot;:&quot;&quot;,&quot;size&quot;:&quot;&quot;},&quot;jet_parallax_layout_speed&quot;:{&quot;unit&quot;:&quot;%&quot;,&quot;size&quot;:50,&quot;sizes&quot;:[]},&quot;jet_parallax_layout_type&quot;:&quot;scroll&quot;,&quot;jet_parallax_layout_direction&quot;:&quot;1&quot;,&quot;jet_parallax_layout_fx_direction&quot;:null,&quot;jet_parallax_layout_z_index&quot;:&quot;&quot;,&quot;jet_parallax_layout_bg_x&quot;:50,&quot;jet_parallax_layout_bg_x_tablet&quot;:&quot;&quot;,&quot;jet_parallax_layout_bg_x_mobile&quot;:&quot;&quot;,&quot;jet_parallax_layout_bg_y&quot;:50,&quot;jet_parallax_layout_bg_y_tablet&quot;:&quot;&quot;,&quot;jet_parallax_layout_bg_y_mobile&quot;:&quot;&quot;,&quot;jet_parallax_layout_bg_size&quot;:&quot;auto&quot;,&quot;jet_parallax_layout_bg_size_tablet&quot;:&quot;&quot;,&quot;jet_parallax_layout_bg_size_mobile&quot;:&quot;&quot;,&quot;jet_parallax_layout_animation_prop&quot;:&quot;transform&quot;,&quot;jet_parallax_layout_on&quot;:[&quot;desktop&quot;,&quot;tablet&quot;]}]}\">\n\t\t\t\t\t\t<div class=\"elementor-container elementor-column-gap-default\">\n\t\t\t\t\t<div class=\"elementor-column elementor-col-100 elementor-top-column elementor-element elementor-element-19f2548\" data-id=\"19f2548\" data-element_type=\"column\" data-e-type=\"column\">\n\t\t\t<div class=\"elementor-widget-wrap elementor-element-populated\">\n\t\t\t\t\t\t<div class=\"elementor-element elementor-element-01d3da4 elementor-widget elementor-widget-heading\" data-id=\"01d3da4\" data-element_type=\"widget\" data-e-type=\"widget\" data-widget_type=\"heading.default\">\n\t\t\t\t<div class=\"elementor-widget-container\">\n\t\t\t\t\t<h2 class=\"elementor-heading-title elementor-size-xl\">What are the advantages of the mobile applications of the WAY-Plan transport software?<\/h2>\t\t\t\t<\/div>\n\t\t\t\t<\/div>\n\t\t\t\t\t<\/div>\n\t\t<\/div>\n\t\t\t\t\t<\/div>\n\t\t<\/section>\n\t\t\t\t<section class=\"elementor-section elementor-top-section elementor-element elementor-element-318e0ccb elementor-section-boxed elementor-section-height-default elementor-section-height-default\" data-id=\"318e0ccb\" data-element_type=\"section\" data-e-type=\"section\" data-settings=\"{&quot;jet_parallax_layout_list&quot;:[{&quot;jet_parallax_layout_image&quot;:{&quot;url&quot;:&quot;&quot;,&quot;id&quot;:&quot;&quot;,&quot;size&quot;:&quot;&quot;},&quot;_id&quot;:&quot;9fcdb60&quot;,&quot;jet_parallax_layout_image_tablet&quot;:{&quot;url&quot;:&quot;&quot;,&quot;id&quot;:&quot;&quot;,&quot;size&quot;:&quot;&quot;},&quot;jet_parallax_layout_image_mobile&quot;:{&quot;url&quot;:&quot;&quot;,&quot;id&quot;:&quot;&quot;,&quot;size&quot;:&quot;&quot;},&quot;jet_parallax_layout_speed&quot;:{&quot;unit&quot;:&quot;%&quot;,&quot;size&quot;:50,&quot;sizes&quot;:[]},&quot;jet_parallax_layout_type&quot;:&quot;scroll&quot;,&quot;jet_parallax_layout_direction&quot;:&quot;1&quot;,&quot;jet_parallax_layout_fx_direction&quot;:null,&quot;jet_parallax_layout_z_index&quot;:&quot;&quot;,&quot;jet_parallax_layout_bg_x&quot;:50,&quot;jet_parallax_layout_bg_x_tablet&quot;:&quot;&quot;,&quot;jet_parallax_layout_bg_x_mobile&quot;:&quot;&quot;,&quot;jet_parallax_layout_bg_y&quot;:50,&quot;jet_parallax_layout_bg_y_tablet&quot;:&quot;&quot;,&quot;jet_parallax_layout_bg_y_mobile&quot;:&quot;&quot;,&quot;jet_parallax_layout_bg_size&quot;:&quot;auto&quot;,&quot;jet_parallax_layout_bg_size_tablet&quot;:&quot;&quot;,&quot;jet_parallax_layout_bg_size_mobile&quot;:&quot;&quot;,&quot;jet_parallax_layout_animation_prop&quot;:&quot;transform&quot;,&quot;jet_parallax_layout_on&quot;:[&quot;desktop&quot;,&quot;tablet&quot;]}]}\">\n\t\t\t\t\t\t<div class=\"elementor-container elementor-column-gap-default\">\n\t\t\t\t\t<div class=\"elementor-column elementor-col-100 elementor-top-column elementor-element elementor-element-3e1ab7a\" data-id=\"3e1ab7a\" data-element_type=\"column\" data-e-type=\"column\">\n\t\t\t<div class=\"elementor-widget-wrap elementor-element-populated\">\n\t\t\t\t\t\t<div class=\"elementor-element elementor-element-34a31eb2 elementor-widget elementor-widget-text-editor\" data-id=\"34a31eb2\" data-element_type=\"widget\" data-e-type=\"widget\" data-widget_type=\"text-editor.default\">\n\t\t\t\t<div class=\"elementor-widget-container\">\n\t\t\t\t\t\t\t\t\t<h2><span style=\"color: inherit; font-family: var( --e-global-typography-text-font-family ), Sans-serif; font-size: var( --e-global-typography-text-font-size );\">E<\/span>xchange of information between the drivers and the schedule<\/h2><p>The WAY-D driver mobile application works with all smartphones. You can download it from the Apple or Android stores, or access it through the web.<\/p><p>An important point: the<strong>\u00a0innovative technology used for the management application<\/strong> allows the recording of databases in the driver&#8217;s mobile. The driver can therefore access his schedule even without an internet connection! He will also be able to declare his mission times without being affected by the network quality level.<\/p><p>The exchange of information with the schedule is therefore fluid and two-way:<\/p><ul><li>The driver receives his transport mission data and can indicate his progress in real time;<\/li><li>The passenger transport company collects information that will be used for the closing of its invoicing, as well as for the preparation of the payrolls or remuneration of its drivers.<\/li><\/ul><div>\u00a0<\/div><h2>Details and updates in real time<\/h2><ul><li>For airport transfers, the driver finds the flight status directly on his WAY-D application.<\/li><li>The &#8220;Notes to the driver&#8221; allow the operating agent to transmit precise information so that the driver can prepare the trip well: equipment to be provided (e.g. child seat), passenger preferences in the car, etc.<\/li><li>All elements declared by the driver: passenger waiting time, advanced charges for the passenger are transmitted in real time to the operating agent.<\/li><\/ul><div>\u00a0<\/div><h2>A driver application for tracking, but not only&#8230;<\/h2><p>Data storage<strong> the driver mobile application allows not only to communicate but also to anticipate possible anomalies<\/strong> in the organization!<\/p><p>For example: an alert is triggered in the schedule, for any mission for which the driver does not indicate his departure in his management application, 1 hour before picking up his client&#8230; There is still time, if the driver has not fulfilled his obligations, to look for an alternative to guarantee the service.<\/p><p>\u00a0<\/p>\t\t\t\t\t\t\t\t<\/div>\n\t\t\t\t<\/div>\n\t\t\t\t\t<\/div>\n\t\t<\/div>\n\t\t\t\t\t<\/div>\n\t\t<\/section>\n\t\t\t\t<\/div>\n\t\t","protected":false},"excerpt":{"rendered":"<p>What are the advantages of the mobile applications of the WAY-Plan transport software? Exchange of information between the drivers and the schedule The WAY-D driver mobile application works with all smartphones. You can download it from the Apple or Android stores, or access it through the web. An important point: the&nbsp;innovative technology used for the [&hellip;]<\/p>\n","protected":false},"author":13,"featured_media":0,"parent":0,"menu_order":0,"comment_status":"closed","ping_status":"closed","template":"","meta":{"_acf_changed":false,"footnotes":""},"class_list":["post-6606","page","type-page","status-publish","hentry"],"acf":[],"yoast_head":"<!-- This site is optimized with the Yoast SEO plugin v27.0 - https:\/\/yoast.com\/product\/yoast-seo-wordpress\/ -->\n<title>Benefits of WAY-D mobile application - WAY-Plan<\/title>\n<meta name=\"description\" content=\"The WAY-D driver application allows the VTC and TPMR driver to be monitored: mission vouchers, clocking in and out, geolocation in real time.\" \/>\n<meta name=\"robots\" content=\"index, follow, max-snippet:-1, max-image-preview:large, max-video-preview:-1\" \/>\n<link rel=\"canonical\" href=\"https:\/\/www.way-plan.com\/es\/ventajas-de-la-aplicacion-movil-way-d\/\" \/>\n<meta property=\"og:locale\" content=\"es_ES\" \/>\n<meta property=\"og:type\" content=\"article\" \/>\n<meta property=\"og:title\" content=\"Benefits of WAY-D mobile application - WAY-Plan\" \/>\n<meta property=\"og:description\" content=\"The WAY-D driver application allows the VTC and TPMR driver to be monitored: mission vouchers, clocking in and out, geolocation in real time.\" \/>\n<meta property=\"og:url\" content=\"https:\/\/www.way-plan.com\/es\/ventajas-de-la-aplicacion-movil-way-d\/\" \/>\n<meta property=\"og:site_name\" content=\"WAY-Plan\" \/>\n<meta property=\"article:publisher\" content=\"https:\/\/www.facebook.com\/WAYNIUM\/\" \/>\n<meta property=\"article:modified_time\" content=\"2022-07-27T07:36:51+00:00\" \/>\n<meta name=\"twitter:card\" content=\"summary_large_image\" \/>\n<meta name=\"twitter:label1\" content=\"Tiempo de lectura\" \/>\n\t<meta name=\"twitter:data1\" content=\"2 minutos\" \/>\n<script type=\"application\/ld+json\" class=\"yoast-schema-graph\">{\"@context\":\"https:\/\/schema.org\",\"@graph\":[{\"@type\":\"WebPage\",\"@id\":\"https:\/\/www.way-plan.com\/benefits-of-way-d-mobile-application\/\",\"url\":\"https:\/\/www.way-plan.com\/benefits-of-way-d-mobile-application\/\",\"name\":\"Benefits of WAY-D mobile application - WAY-Plan\",\"isPartOf\":{\"@id\":\"https:\/\/www.way-plan.com\/#website\"},\"datePublished\":\"2020-05-21T21:39:35+00:00\",\"dateModified\":\"2022-07-27T07:36:51+00:00\",\"description\":\"The WAY-D driver application allows the VTC and TPMR driver to be monitored: mission vouchers, clocking in and out, geolocation in real time.\",\"breadcrumb\":{\"@id\":\"https:\/\/www.way-plan.com\/benefits-of-way-d-mobile-application\/#breadcrumb\"},\"inLanguage\":\"es\",\"potentialAction\":[{\"@type\":\"ReadAction\",\"target\":[\"https:\/\/www.way-plan.com\/benefits-of-way-d-mobile-application\/\"]}]},{\"@type\":\"BreadcrumbList\",\"@id\":\"https:\/\/www.way-plan.com\/benefits-of-way-d-mobile-application\/#breadcrumb\",\"itemListElement\":[{\"@type\":\"ListItem\",\"position\":1,\"name\":\"Home\",\"item\":\"https:\/\/www.way-plan.com\/\"},{\"@type\":\"ListItem\",\"position\":2,\"name\":\"Benefits of WAY-D mobile application\"}]},{\"@type\":\"WebSite\",\"@id\":\"https:\/\/www.way-plan.com\/#website\",\"url\":\"https:\/\/www.way-plan.com\/\",\"name\":\"WAY-Plan\",\"description\":\"People transportation management software\",\"publisher\":{\"@id\":\"https:\/\/www.way-plan.com\/#organization\"},\"potentialAction\":[{\"@type\":\"SearchAction\",\"target\":{\"@type\":\"EntryPoint\",\"urlTemplate\":\"https:\/\/www.way-plan.com\/?s={search_term_string}\"},\"query-input\":{\"@type\":\"PropertyValueSpecification\",\"valueRequired\":true,\"valueName\":\"search_term_string\"}}],\"inLanguage\":\"es\"},{\"@type\":\"Organization\",\"@id\":\"https:\/\/www.way-plan.com\/#organization\",\"name\":\"Way Plan\",\"url\":\"https:\/\/www.way-plan.com\/\",\"logo\":{\"@type\":\"ImageObject\",\"inLanguage\":\"es\",\"@id\":\"https:\/\/www.way-plan.com\/#\/schema\/logo\/image\/\",\"url\":\"https:\/\/wordpress.way-plan.com\/wp-content\/uploads\/2020\/11\/logoWAYNIUM-borderless.png\",\"contentUrl\":\"https:\/\/wordpress.way-plan.com\/wp-content\/uploads\/2020\/11\/logoWAYNIUM-borderless.png\",\"width\":1561,\"height\":319,\"caption\":\"Way Plan\"},\"image\":{\"@id\":\"https:\/\/www.way-plan.com\/#\/schema\/logo\/image\/\"},\"sameAs\":[\"https:\/\/www.facebook.com\/WAYNIUM\/\",\"https:\/\/www.linkedin.com\/company\/waynium\/\",\"https:\/\/www.youtube.com\/channel\/UCXiEq9wJ-j6cY2CBdpOYc1w\"]}]}<\/script>\n<!-- \/ Yoast SEO plugin. -->","yoast_head_json":{"title":"Ventajas de la aplicaci\u00f3n m\u00f3vil WAY-D - WAY-Plan","description":"La aplicaci\u00f3n WAY-D driver permite el seguimiento del VTC y del TPMR driver: vales de misi\u00f3n, fichajes, geolocalizaci\u00f3n en tiempo real.","robots":{"index":"index","follow":"follow","max-snippet":"max-snippet:-1","max-image-preview":"max-image-preview:large","max-video-preview":"max-video-preview:-1"},"canonical":"https:\/\/www.way-plan.com\/es\/ventajas-de-la-aplicacion-movil-way-d\/","og_locale":"es_ES","og_type":"article","og_title":"Benefits of WAY-D mobile application - WAY-Plan","og_description":"The WAY-D driver application allows the VTC and TPMR driver to be monitored: mission vouchers, clocking in and out, geolocation in real time.","og_url":"https:\/\/www.way-plan.com\/es\/ventajas-de-la-aplicacion-movil-way-d\/","og_site_name":"WAY-Plan","article_publisher":"https:\/\/www.facebook.com\/WAYNIUM\/","article_modified_time":"2022-07-27T07:36:51+00:00","twitter_card":"summary_large_image","twitter_misc":{"Tiempo de lectura":"2 minutos"},"schema":{"@context":"https:\/\/schema.org","@graph":[{"@type":"WebPage","@id":"https:\/\/www.way-plan.com\/benefits-of-way-d-mobile-application\/","url":"https:\/\/www.way-plan.com\/benefits-of-way-d-mobile-application\/","name":"Ventajas de la aplicaci\u00f3n m\u00f3vil WAY-D - WAY-Plan","isPartOf":{"@id":"https:\/\/www.way-plan.com\/#website"},"datePublished":"2020-05-21T21:39:35+00:00","dateModified":"2022-07-27T07:36:51+00:00","description":"La aplicaci\u00f3n WAY-D driver permite el seguimiento del VTC y del TPMR driver: vales de misi\u00f3n, fichajes, geolocalizaci\u00f3n en tiempo real.","breadcrumb":{"@id":"https:\/\/www.way-plan.com\/benefits-of-way-d-mobile-application\/#breadcrumb"},"inLanguage":"es","potentialAction":[{"@type":"ReadAction","target":["https:\/\/www.way-plan.com\/benefits-of-way-d-mobile-application\/"]}]},{"@type":"BreadcrumbList","@id":"https:\/\/www.way-plan.com\/benefits-of-way-d-mobile-application\/#breadcrumb","itemListElement":[{"@type":"ListItem","position":1,"name":"Home","item":"https:\/\/www.way-plan.com\/"},{"@type":"ListItem","position":2,"name":"Benefits of WAY-D mobile application"}]},{"@type":"WebSite","@id":"https:\/\/www.way-plan.com\/#website","url":"https:\/\/www.way-plan.com\/","name":"WAY-Plan","description":"Software de gesti\u00f3n del transporte de personas","publisher":{"@id":"https:\/\/www.way-plan.com\/#organization"},"potentialAction":[{"@type":"SearchAction","target":{"@type":"EntryPoint","urlTemplate":"https:\/\/www.way-plan.com\/?s={search_term_string}"},"query-input":{"@type":"PropertyValueSpecification","valueRequired":true,"valueName":"search_term_string"}}],"inLanguage":"es"},{"@type":"Organization","@id":"https:\/\/www.way-plan.com\/#organization","name":"Plan de Acci\u00f3n","url":"https:\/\/www.way-plan.com\/","logo":{"@type":"ImageObject","inLanguage":"es","@id":"https:\/\/www.way-plan.com\/#\/schema\/logo\/image\/","url":"https:\/\/wordpress.way-plan.com\/wp-content\/uploads\/2020\/11\/logoWAYNIUM-borderless.png","contentUrl":"https:\/\/wordpress.way-plan.com\/wp-content\/uploads\/2020\/11\/logoWAYNIUM-borderless.png","width":1561,"height":319,"caption":"Way Plan"},"image":{"@id":"https:\/\/www.way-plan.com\/#\/schema\/logo\/image\/"},"sameAs":["https:\/\/www.facebook.com\/WAYNIUM\/","https:\/\/www.linkedin.com\/company\/waynium\/","https:\/\/www.youtube.com\/channel\/UCXiEq9wJ-j6cY2CBdpOYc1w"]}]}},"_links":{"self":[{"href":"https:\/\/www.way-plan.com\/es\/wp-json\/wp\/v2\/pages\/6606","targetHints":{"allow":["GET"]}}],"collection":[{"href":"https:\/\/www.way-plan.com\/es\/wp-json\/wp\/v2\/pages"}],"about":[{"href":"https:\/\/www.way-plan.com\/es\/wp-json\/wp\/v2\/types\/page"}],"author":[{"embeddable":true,"href":"https:\/\/www.way-plan.com\/es\/wp-json\/wp\/v2\/users\/13"}],"replies":[{"embeddable":true,"href":"https:\/\/www.way-plan.com\/es\/wp-json\/wp\/v2\/comments?post=6606"}],"version-history":[{"count":0,"href":"https:\/\/www.way-plan.com\/es\/wp-json\/wp\/v2\/pages\/6606\/revisions"}],"wp:attachment":[{"href":"https:\/\/www.way-plan.com\/es\/wp-json\/wp\/v2\/media?parent=6606"}],"curies":[{"name":"wp","href":"https:\/\/api.w.org\/{rel}","templated":true}]}}