{"id":7468,"date":"2020-07-24T12:14:13","date_gmt":"2020-07-24T10:14:13","guid":{"rendered":"http:\/\/wordpress.waynium.com\/?post_type=product&#038;p=7468"},"modified":"2023-06-15T15:39:48","modified_gmt":"2023-06-15T13:39:48","slug":"servidor-dedicado","status":"publish","type":"product","link":"https:\/\/www.way-plan.com\/es\/product\/dedicated-server\/","title":{"rendered":"Servidor dedicado"},"content":{"rendered":"<p><strong>Cuota de instalaci\u00f3n, luego 150 \u20ac \/ mes<\/strong>.<\/p>\n<p>Implementaci\u00f3n de su soluci\u00f3n en un servidor dedicado gestionado por nuestro equipo t\u00e9cnico.<\/p>","protected":false},"excerpt":{"rendered":"<p><strong>Cuota de instalaci\u00f3n, luego 150 \u20ac \/ mes<\/strong>.<\/p>\n<p>Implementaci\u00f3n de su soluci\u00f3n en un servidor dedicado gestionado por nuestro equipo t\u00e9cnico.<\/p>","protected":false},"featured_media":12621,"template":"","meta":{"_acf_changed":false},"product_brand":[],"product_cat":[33],"product_tag":[],"class_list":{"0":"post-7468","1":"product","2":"type-product","3":"status-publish","4":"has-post-thumbnail","6":"product_cat-options","8":"first","9":"instock","10":"virtual","11":"taxable","12":"purchasable","13":"product-type-simple"},"acf":[],"yoast_head":"<!-- This site is optimized with the Yoast SEO plugin v27.0 - https:\/\/yoast.com\/product\/yoast-seo-wordpress\/ -->\n<title>Dedicated server - WAY-Plan<\/title>\n<meta name=\"robots\" content=\"noindex, follow\" \/>\n<meta property=\"og:locale\" content=\"es_ES\" \/>\n<meta property=\"og:type\" content=\"article\" \/>\n<meta property=\"og:title\" content=\"Dedicated server - WAY-Plan\" \/>\n<meta property=\"og:description\" content=\"Installation fee, then 150 \u20ac \/ month.  Implementation of your solution on a dedicated server managed by our technical team.\" \/>\n<meta property=\"og:url\" content=\"https:\/\/www.way-plan.com\/es\/producto\/servidor-dedicado\/\" \/>\n<meta property=\"og:site_name\" content=\"WAY-Plan\" \/>\n<meta property=\"article:publisher\" content=\"https:\/\/www.facebook.com\/WAYNIUM\/\" \/>\n<meta property=\"article:modified_time\" content=\"2023-06-15T13:39:48+00:00\" \/>\n<meta property=\"og:image\" content=\"https:\/\/www.way-plan.com\/wp-content\/uploads\/2021\/03\/paiement-en-ligne-1.png\" \/>\n\t<meta property=\"og:image:width\" content=\"700\" \/>\n\t<meta property=\"og:image:height\" content=\"700\" \/>\n\t<meta property=\"og:image:type\" content=\"image\/png\" \/>\n<meta name=\"twitter:card\" content=\"summary_large_image\" \/>\n<meta name=\"twitter:label1\" content=\"Tiempo de lectura\" \/>\n\t<meta name=\"twitter:data1\" content=\"1 minuto\" \/>\n<script type=\"application\/ld+json\" class=\"yoast-schema-graph\">{\"@context\":\"https:\/\/schema.org\",\"@graph\":[{\"@type\":\"WebPage\",\"@id\":\"https:\/\/www.way-plan.com\/product\/dedicated-server\/\",\"url\":\"https:\/\/www.way-plan.com\/product\/dedicated-server\/\",\"name\":\"Dedicated server - WAY-Plan\",\"isPartOf\":{\"@id\":\"https:\/\/www.way-plan.com\/#website\"},\"primaryImageOfPage\":{\"@id\":\"https:\/\/www.way-plan.com\/product\/dedicated-server\/#primaryimage\"},\"image\":{\"@id\":\"https:\/\/www.way-plan.com\/product\/dedicated-server\/#primaryimage\"},\"thumbnailUrl\":\"https:\/\/www.way-plan.com\/wp-content\/uploads\/2021\/03\/paiement-en-ligne-1.png\",\"datePublished\":\"2020-07-24T10:14:13+00:00\",\"dateModified\":\"2023-06-15T13:39:48+00:00\",\"breadcrumb\":{\"@id\":\"https:\/\/www.way-plan.com\/product\/dedicated-server\/#breadcrumb\"},\"inLanguage\":\"es\",\"potentialAction\":[{\"@type\":\"ReadAction\",\"target\":[\"https:\/\/www.way-plan.com\/product\/dedicated-server\/\"]}]},{\"@type\":\"ImageObject\",\"inLanguage\":\"es\",\"@id\":\"https:\/\/www.way-plan.com\/product\/dedicated-server\/#primaryimage\",\"url\":\"https:\/\/www.way-plan.com\/wp-content\/uploads\/2021\/03\/paiement-en-ligne-1.png\",\"contentUrl\":\"https:\/\/www.way-plan.com\/wp-content\/uploads\/2021\/03\/paiement-en-ligne-1.png\",\"width\":700,\"height\":700},{\"@type\":\"BreadcrumbList\",\"@id\":\"https:\/\/www.way-plan.com\/product\/dedicated-server\/#breadcrumb\",\"itemListElement\":[{\"@type\":\"ListItem\",\"position\":1,\"name\":\"Home\",\"item\":\"https:\/\/www.way-plan.com\/\"},{\"@type\":\"ListItem\",\"position\":2,\"name\":\"Priv\u00e9\u00a0: Shop\",\"item\":\"https:\/\/www.way-plan.com\/shop\/\"},{\"@type\":\"ListItem\",\"position\":3,\"name\":\"Dedicated server\"}]},{\"@type\":\"WebSite\",\"@id\":\"https:\/\/www.way-plan.com\/#website\",\"url\":\"https:\/\/www.way-plan.com\/\",\"name\":\"WAY-Plan\",\"description\":\"People transportation management software\",\"publisher\":{\"@id\":\"https:\/\/www.way-plan.com\/#organization\"},\"potentialAction\":[{\"@type\":\"SearchAction\",\"target\":{\"@type\":\"EntryPoint\",\"urlTemplate\":\"https:\/\/www.way-plan.com\/?s={search_term_string}\"},\"query-input\":{\"@type\":\"PropertyValueSpecification\",\"valueRequired\":true,\"valueName\":\"search_term_string\"}}],\"inLanguage\":\"es\"},{\"@type\":\"Organization\",\"@id\":\"https:\/\/www.way-plan.com\/#organization\",\"name\":\"Way Plan\",\"url\":\"https:\/\/www.way-plan.com\/\",\"logo\":{\"@type\":\"ImageObject\",\"inLanguage\":\"es\",\"@id\":\"https:\/\/www.way-plan.com\/#\/schema\/logo\/image\/\",\"url\":\"https:\/\/wordpress.way-plan.com\/wp-content\/uploads\/2020\/11\/logoWAYNIUM-borderless.png\",\"contentUrl\":\"https:\/\/wordpress.way-plan.com\/wp-content\/uploads\/2020\/11\/logoWAYNIUM-borderless.png\",\"width\":1561,\"height\":319,\"caption\":\"Way Plan\"},\"image\":{\"@id\":\"https:\/\/www.way-plan.com\/#\/schema\/logo\/image\/\"},\"sameAs\":[\"https:\/\/www.facebook.com\/WAYNIUM\/\",\"https:\/\/www.linkedin.com\/company\/waynium\/\",\"https:\/\/www.youtube.com\/channel\/UCXiEq9wJ-j6cY2CBdpOYc1w\"]}]}<\/script>\n<!-- \/ Yoast SEO plugin. -->","yoast_head_json":{"title":"Servidor dedicado - WAY-Plan","robots":{"index":"noindex","follow":"follow"},"og_locale":"es_ES","og_type":"article","og_title":"Dedicated server - WAY-Plan","og_description":"Installation fee, then 150 \u20ac \/ month.  Implementation of your solution on a dedicated server managed by our technical team.","og_url":"https:\/\/www.way-plan.com\/es\/producto\/servidor-dedicado\/","og_site_name":"WAY-Plan","article_publisher":"https:\/\/www.facebook.com\/WAYNIUM\/","article_modified_time":"2023-06-15T13:39:48+00:00","og_image":[{"width":700,"height":700,"url":"https:\/\/www.way-plan.com\/wp-content\/uploads\/2021\/03\/paiement-en-ligne-1.png","type":"image\/png"}],"twitter_card":"summary_large_image","twitter_misc":{"Tiempo de lectura":"1 minuto"},"schema":{"@context":"https:\/\/schema.org","@graph":[{"@type":"WebPage","@id":"https:\/\/www.way-plan.com\/product\/dedicated-server\/","url":"https:\/\/www.way-plan.com\/product\/dedicated-server\/","name":"Servidor dedicado - WAY-Plan","isPartOf":{"@id":"https:\/\/www.way-plan.com\/#website"},"primaryImageOfPage":{"@id":"https:\/\/www.way-plan.com\/product\/dedicated-server\/#primaryimage"},"image":{"@id":"https:\/\/www.way-plan.com\/product\/dedicated-server\/#primaryimage"},"thumbnailUrl":"https:\/\/www.way-plan.com\/wp-content\/uploads\/2021\/03\/paiement-en-ligne-1.png","datePublished":"2020-07-24T10:14:13+00:00","dateModified":"2023-06-15T13:39:48+00:00","breadcrumb":{"@id":"https:\/\/www.way-plan.com\/product\/dedicated-server\/#breadcrumb"},"inLanguage":"es","potentialAction":[{"@type":"ReadAction","target":["https:\/\/www.way-plan.com\/product\/dedicated-server\/"]}]},{"@type":"ImageObject","inLanguage":"es","@id":"https:\/\/www.way-plan.com\/product\/dedicated-server\/#primaryimage","url":"https:\/\/www.way-plan.com\/wp-content\/uploads\/2021\/03\/paiement-en-ligne-1.png","contentUrl":"https:\/\/www.way-plan.com\/wp-content\/uploads\/2021\/03\/paiement-en-ligne-1.png","width":700,"height":700},{"@type":"BreadcrumbList","@id":"https:\/\/www.way-plan.com\/product\/dedicated-server\/#breadcrumb","itemListElement":[{"@type":"ListItem","position":1,"name":"Home","item":"https:\/\/www.way-plan.com\/"},{"@type":"ListItem","position":2,"name":"Priv\u00e9\u00a0: Shop","item":"https:\/\/www.way-plan.com\/shop\/"},{"@type":"ListItem","position":3,"name":"Dedicated server"}]},{"@type":"WebSite","@id":"https:\/\/www.way-plan.com\/#website","url":"https:\/\/www.way-plan.com\/","name":"WAY-Plan","description":"Software de gesti\u00f3n del transporte de personas","publisher":{"@id":"https:\/\/www.way-plan.com\/#organization"},"potentialAction":[{"@type":"SearchAction","target":{"@type":"EntryPoint","urlTemplate":"https:\/\/www.way-plan.com\/?s={search_term_string}"},"query-input":{"@type":"PropertyValueSpecification","valueRequired":true,"valueName":"search_term_string"}}],"inLanguage":"es"},{"@type":"Organization","@id":"https:\/\/www.way-plan.com\/#organization","name":"Plan de Acci\u00f3n","url":"https:\/\/www.way-plan.com\/","logo":{"@type":"ImageObject","inLanguage":"es","@id":"https:\/\/www.way-plan.com\/#\/schema\/logo\/image\/","url":"https:\/\/wordpress.way-plan.com\/wp-content\/uploads\/2020\/11\/logoWAYNIUM-borderless.png","contentUrl":"https:\/\/wordpress.way-plan.com\/wp-content\/uploads\/2020\/11\/logoWAYNIUM-borderless.png","width":1561,"height":319,"caption":"Way Plan"},"image":{"@id":"https:\/\/www.way-plan.com\/#\/schema\/logo\/image\/"},"sameAs":["https:\/\/www.facebook.com\/WAYNIUM\/","https:\/\/www.linkedin.com\/company\/waynium\/","https:\/\/www.youtube.com\/channel\/UCXiEq9wJ-j6cY2CBdpOYc1w"]}]}},"_links":{"self":[{"href":"https:\/\/www.way-plan.com\/es\/wp-json\/wp\/v2\/product\/7468","targetHints":{"allow":["GET"]}}],"collection":[{"href":"https:\/\/www.way-plan.com\/es\/wp-json\/wp\/v2\/product"}],"about":[{"href":"https:\/\/www.way-plan.com\/es\/wp-json\/wp\/v2\/types\/product"}],"wp:featuredmedia":[{"embeddable":true,"href":"https:\/\/www.way-plan.com\/es\/wp-json\/wp\/v2\/media\/12621"}],"wp:attachment":[{"href":"https:\/\/www.way-plan.com\/es\/wp-json\/wp\/v2\/media?parent=7468"}],"wp:term":[{"taxonomy":"product_brand","embeddable":true,"href":"https:\/\/www.way-plan.com\/es\/wp-json\/wp\/v2\/product_brand?post=7468"},{"taxonomy":"product_cat","embeddable":true,"href":"https:\/\/www.way-plan.com\/es\/wp-json\/wp\/v2\/product_cat?post=7468"},{"taxonomy":"product_tag","embeddable":true,"href":"https:\/\/www.way-plan.com\/es\/wp-json\/wp\/v2\/product_tag?post=7468"}],"curies":[{"name":"wp","href":"https:\/\/api.w.org\/{rel}","templated":true}]}}