{"id":7469,"date":"2020-07-24T12:19:17","date_gmt":"2020-07-24T10:19:17","guid":{"rendered":"http:\/\/wordpress.waynium.com\/?post_type=product&#038;p=7469"},"modified":"2025-09-10T12:13:04","modified_gmt":"2025-09-10T10:13:04","slug":"waynium-api","status":"publish","type":"product","link":"https:\/\/www.way-plan.com\/es\/product\/waynium-api\/","title":{"rendered":"WAYNIUM API"},"content":{"rendered":"<p>Tarifa de instalaci\u00f3n de su API Key para un requisito funcional validado, despu\u00e9s se aplicar\u00e1n 50 euros sin IVA\/mes por soluci\u00f3n contratada, incluidas 100.000 llamadas al mes.<br \/>\nEn caso de superar este l\u00edmite: se cobrar\u00e1 1 euro sin IVA por cada 2.000 llamadas adicionales.<br \/>\nApoyo t\u00e9cnico del equipo t\u00e9cnico en la puesta en marcha.<\/p>","protected":false},"excerpt":{"rendered":"<p><strong>Tasa de instalaci\u00f3n de su Clave API para un funcional validado<\/strong> <strong>requisito<\/strong>se aplicar\u00e1n 50 euros sin IVA\/mes por soluci\u00f3n contratada, incluidas 100.000 llamadas al mes.<br \/>\nEn caso de superar este l\u00edmite: se cobrar\u00e1 1 euro sin IVA por cada 2.000 llamadas adicionales.<br \/>\nApoyo t\u00e9cnico del equipo t\u00e9cnico en la puesta en marcha.<\/p>","protected":false},"featured_media":12614,"template":"","meta":{"_acf_changed":false},"product_brand":[],"product_cat":[33],"product_tag":[],"class_list":{"0":"post-7469","1":"product","2":"type-product","3":"status-publish","4":"has-post-thumbnail","6":"product_cat-options","8":"first","9":"instock","10":"virtual","11":"sold-individually","12":"taxable","13":"purchasable","14":"product-type-simple"},"acf":[],"yoast_head":"<!-- This site is optimized with the Yoast SEO plugin v27.0 - https:\/\/yoast.com\/product\/yoast-seo-wordpress\/ -->\n<title>WAYNIUM API - WAY-Plan<\/title>\n<meta name=\"robots\" content=\"noindex, follow\" \/>\n<meta property=\"og:locale\" content=\"es_ES\" \/>\n<meta property=\"og:type\" content=\"article\" \/>\n<meta property=\"og:title\" content=\"WAYNIUM API - WAY-Plan\" \/>\n<meta property=\"og:description\" content=\"Installation fee for your API Key for a validated functional requirement, then \u20ac50 excl. VAT\/month per contracted solution will be applied, including 100,000 calls per month. In case of exceeding this limit: \u20ac1 excl. VAT will be charged per additional 2,000 calls. Technical support from the technical team at start-up.\" \/>\n<meta property=\"og:url\" content=\"https:\/\/www.way-plan.com\/es\/producto\/waynium-api\/\" \/>\n<meta property=\"og:site_name\" content=\"WAY-Plan\" \/>\n<meta property=\"article:publisher\" content=\"https:\/\/www.facebook.com\/WAYNIUM\/\" \/>\n<meta property=\"article:modified_time\" content=\"2025-09-10T10:13:04+00:00\" \/>\n<meta property=\"og:image\" content=\"https:\/\/www.way-plan.com\/wp-content\/uploads\/2021\/03\/api-waynium.png\" \/>\n\t<meta property=\"og:image:width\" content=\"700\" \/>\n\t<meta property=\"og:image:height\" content=\"700\" \/>\n\t<meta property=\"og:image:type\" content=\"image\/png\" \/>\n<meta name=\"twitter:card\" content=\"summary_large_image\" \/>\n<meta name=\"twitter:label1\" content=\"Tiempo de lectura\" \/>\n\t<meta name=\"twitter:data1\" content=\"1 minuto\" \/>\n<script type=\"application\/ld+json\" class=\"yoast-schema-graph\">{\"@context\":\"https:\/\/schema.org\",\"@graph\":[{\"@type\":\"WebPage\",\"@id\":\"https:\/\/www.way-plan.com\/product\/waynium-api\/\",\"url\":\"https:\/\/www.way-plan.com\/product\/waynium-api\/\",\"name\":\"WAYNIUM API - WAY-Plan\",\"isPartOf\":{\"@id\":\"https:\/\/www.way-plan.com\/#website\"},\"primaryImageOfPage\":{\"@id\":\"https:\/\/www.way-plan.com\/product\/waynium-api\/#primaryimage\"},\"image\":{\"@id\":\"https:\/\/www.way-plan.com\/product\/waynium-api\/#primaryimage\"},\"thumbnailUrl\":\"https:\/\/www.way-plan.com\/wp-content\/uploads\/2021\/03\/api-waynium.png\",\"datePublished\":\"2020-07-24T10:19:17+00:00\",\"dateModified\":\"2025-09-10T10:13:04+00:00\",\"breadcrumb\":{\"@id\":\"https:\/\/www.way-plan.com\/product\/waynium-api\/#breadcrumb\"},\"inLanguage\":\"es\",\"potentialAction\":[{\"@type\":\"ReadAction\",\"target\":[\"https:\/\/www.way-plan.com\/product\/waynium-api\/\"]}]},{\"@type\":\"ImageObject\",\"inLanguage\":\"es\",\"@id\":\"https:\/\/www.way-plan.com\/product\/waynium-api\/#primaryimage\",\"url\":\"https:\/\/www.way-plan.com\/wp-content\/uploads\/2021\/03\/api-waynium.png\",\"contentUrl\":\"https:\/\/www.way-plan.com\/wp-content\/uploads\/2021\/03\/api-waynium.png\",\"width\":700,\"height\":700},{\"@type\":\"BreadcrumbList\",\"@id\":\"https:\/\/www.way-plan.com\/product\/waynium-api\/#breadcrumb\",\"itemListElement\":[{\"@type\":\"ListItem\",\"position\":1,\"name\":\"Home\",\"item\":\"https:\/\/www.way-plan.com\/\"},{\"@type\":\"ListItem\",\"position\":2,\"name\":\"Priv\u00e9\u00a0: Shop\",\"item\":\"https:\/\/www.way-plan.com\/shop\/\"},{\"@type\":\"ListItem\",\"position\":3,\"name\":\"WAYNIUM API\"}]},{\"@type\":\"WebSite\",\"@id\":\"https:\/\/www.way-plan.com\/#website\",\"url\":\"https:\/\/www.way-plan.com\/\",\"name\":\"WAY-Plan\",\"description\":\"People transportation management software\",\"publisher\":{\"@id\":\"https:\/\/www.way-plan.com\/#organization\"},\"potentialAction\":[{\"@type\":\"SearchAction\",\"target\":{\"@type\":\"EntryPoint\",\"urlTemplate\":\"https:\/\/www.way-plan.com\/?s={search_term_string}\"},\"query-input\":{\"@type\":\"PropertyValueSpecification\",\"valueRequired\":true,\"valueName\":\"search_term_string\"}}],\"inLanguage\":\"es\"},{\"@type\":\"Organization\",\"@id\":\"https:\/\/www.way-plan.com\/#organization\",\"name\":\"Way Plan\",\"url\":\"https:\/\/www.way-plan.com\/\",\"logo\":{\"@type\":\"ImageObject\",\"inLanguage\":\"es\",\"@id\":\"https:\/\/www.way-plan.com\/#\/schema\/logo\/image\/\",\"url\":\"https:\/\/wordpress.way-plan.com\/wp-content\/uploads\/2020\/11\/logoWAYNIUM-borderless.png\",\"contentUrl\":\"https:\/\/wordpress.way-plan.com\/wp-content\/uploads\/2020\/11\/logoWAYNIUM-borderless.png\",\"width\":1561,\"height\":319,\"caption\":\"Way Plan\"},\"image\":{\"@id\":\"https:\/\/www.way-plan.com\/#\/schema\/logo\/image\/\"},\"sameAs\":[\"https:\/\/www.facebook.com\/WAYNIUM\/\",\"https:\/\/www.linkedin.com\/company\/waynium\/\",\"https:\/\/www.youtube.com\/channel\/UCXiEq9wJ-j6cY2CBdpOYc1w\"]}]}<\/script>\n<!-- \/ Yoast SEO plugin. -->","yoast_head_json":{"title":"WAYNIUM API - WAY-Plan","robots":{"index":"noindex","follow":"follow"},"og_locale":"es_ES","og_type":"article","og_title":"WAYNIUM API - WAY-Plan","og_description":"Installation fee for your API Key for a validated functional requirement, then \u20ac50 excl. VAT\/month per contracted solution will be applied, including 100,000 calls per month. In case of exceeding this limit: \u20ac1 excl. VAT will be charged per additional 2,000 calls. Technical support from the technical team at start-up.","og_url":"https:\/\/www.way-plan.com\/es\/producto\/waynium-api\/","og_site_name":"WAY-Plan","article_publisher":"https:\/\/www.facebook.com\/WAYNIUM\/","article_modified_time":"2025-09-10T10:13:04+00:00","og_image":[{"width":700,"height":700,"url":"https:\/\/www.way-plan.com\/wp-content\/uploads\/2021\/03\/api-waynium.png","type":"image\/png"}],"twitter_card":"summary_large_image","twitter_misc":{"Tiempo de lectura":"1 minuto"},"schema":{"@context":"https:\/\/schema.org","@graph":[{"@type":"WebPage","@id":"https:\/\/www.way-plan.com\/product\/waynium-api\/","url":"https:\/\/www.way-plan.com\/product\/waynium-api\/","name":"WAYNIUM API - WAY-Plan","isPartOf":{"@id":"https:\/\/www.way-plan.com\/#website"},"primaryImageOfPage":{"@id":"https:\/\/www.way-plan.com\/product\/waynium-api\/#primaryimage"},"image":{"@id":"https:\/\/www.way-plan.com\/product\/waynium-api\/#primaryimage"},"thumbnailUrl":"https:\/\/www.way-plan.com\/wp-content\/uploads\/2021\/03\/api-waynium.png","datePublished":"2020-07-24T10:19:17+00:00","dateModified":"2025-09-10T10:13:04+00:00","breadcrumb":{"@id":"https:\/\/www.way-plan.com\/product\/waynium-api\/#breadcrumb"},"inLanguage":"es","potentialAction":[{"@type":"ReadAction","target":["https:\/\/www.way-plan.com\/product\/waynium-api\/"]}]},{"@type":"ImageObject","inLanguage":"es","@id":"https:\/\/www.way-plan.com\/product\/waynium-api\/#primaryimage","url":"https:\/\/www.way-plan.com\/wp-content\/uploads\/2021\/03\/api-waynium.png","contentUrl":"https:\/\/www.way-plan.com\/wp-content\/uploads\/2021\/03\/api-waynium.png","width":700,"height":700},{"@type":"BreadcrumbList","@id":"https:\/\/www.way-plan.com\/product\/waynium-api\/#breadcrumb","itemListElement":[{"@type":"ListItem","position":1,"name":"Home","item":"https:\/\/www.way-plan.com\/"},{"@type":"ListItem","position":2,"name":"Priv\u00e9\u00a0: Shop","item":"https:\/\/www.way-plan.com\/shop\/"},{"@type":"ListItem","position":3,"name":"WAYNIUM API"}]},{"@type":"WebSite","@id":"https:\/\/www.way-plan.com\/#website","url":"https:\/\/www.way-plan.com\/","name":"WAY-Plan","description":"Software de gesti\u00f3n del transporte de personas","publisher":{"@id":"https:\/\/www.way-plan.com\/#organization"},"potentialAction":[{"@type":"SearchAction","target":{"@type":"EntryPoint","urlTemplate":"https:\/\/www.way-plan.com\/?s={search_term_string}"},"query-input":{"@type":"PropertyValueSpecification","valueRequired":true,"valueName":"search_term_string"}}],"inLanguage":"es"},{"@type":"Organization","@id":"https:\/\/www.way-plan.com\/#organization","name":"Plan de Acci\u00f3n","url":"https:\/\/www.way-plan.com\/","logo":{"@type":"ImageObject","inLanguage":"es","@id":"https:\/\/www.way-plan.com\/#\/schema\/logo\/image\/","url":"https:\/\/wordpress.way-plan.com\/wp-content\/uploads\/2020\/11\/logoWAYNIUM-borderless.png","contentUrl":"https:\/\/wordpress.way-plan.com\/wp-content\/uploads\/2020\/11\/logoWAYNIUM-borderless.png","width":1561,"height":319,"caption":"Way Plan"},"image":{"@id":"https:\/\/www.way-plan.com\/#\/schema\/logo\/image\/"},"sameAs":["https:\/\/www.facebook.com\/WAYNIUM\/","https:\/\/www.linkedin.com\/company\/waynium\/","https:\/\/www.youtube.com\/channel\/UCXiEq9wJ-j6cY2CBdpOYc1w"]}]}},"_links":{"self":[{"href":"https:\/\/www.way-plan.com\/es\/wp-json\/wp\/v2\/product\/7469","targetHints":{"allow":["GET"]}}],"collection":[{"href":"https:\/\/www.way-plan.com\/es\/wp-json\/wp\/v2\/product"}],"about":[{"href":"https:\/\/www.way-plan.com\/es\/wp-json\/wp\/v2\/types\/product"}],"wp:featuredmedia":[{"embeddable":true,"href":"https:\/\/www.way-plan.com\/es\/wp-json\/wp\/v2\/media\/12614"}],"wp:attachment":[{"href":"https:\/\/www.way-plan.com\/es\/wp-json\/wp\/v2\/media?parent=7469"}],"wp:term":[{"taxonomy":"product_brand","embeddable":true,"href":"https:\/\/www.way-plan.com\/es\/wp-json\/wp\/v2\/product_brand?post=7469"},{"taxonomy":"product_cat","embeddable":true,"href":"https:\/\/www.way-plan.com\/es\/wp-json\/wp\/v2\/product_cat?post=7469"},{"taxonomy":"product_tag","embeddable":true,"href":"https:\/\/www.way-plan.com\/es\/wp-json\/wp\/v2\/product_tag?post=7469"}],"curies":[{"name":"wp","href":"https:\/\/api.w.org\/{rel}","templated":true}]}}