{"id":15272,"date":"2025-01-27T12:23:27","date_gmt":"2025-01-27T11:23:27","guid":{"rendered":"https:\/\/www.way-plan.com\/?post_type=product&#038;p=15272"},"modified":"2025-01-27T12:27:06","modified_gmt":"2025-01-27T11:27:06","slug":"notificador-waynium","status":"publish","type":"product","link":"https:\/\/www.way-plan.com\/pt\/product\/waynium-notifier\/","title":{"rendered":"WAYNIUM Notifier"},"content":{"rendered":"<p><strong>Taxa de instala\u00e7\u00e3o, depois 50 \u20ac \/ m\u00eas<\/strong><\/p>\n<p>Prepara\u00e7\u00e3o de acordo com as especifica\u00e7\u00f5es do cliente.<\/p>","protected":false},"excerpt":{"rendered":"<p><strong>Taxa de instala\u00e7\u00e3o, depois 50 \u20ac \/ m\u00eas<\/strong><\/p>\n<p>Prepara\u00e7\u00e3o de acordo com as especifica\u00e7\u00f5es do cliente.<\/p>","protected":false},"featured_media":12614,"template":"","meta":{"_acf_changed":false},"product_brand":[],"product_cat":[33],"product_tag":[],"class_list":{"0":"post-15272","1":"product","2":"type-product","3":"status-publish","4":"has-post-thumbnail","6":"product_cat-options","8":"first","9":"instock","10":"virtual","11":"sold-individually","12":"taxable","13":"purchasable","14":"product-type-simple"},"acf":[],"yoast_head":"<!-- This site is optimized with the Yoast SEO plugin v27.0 - https:\/\/yoast.com\/product\/yoast-seo-wordpress\/ -->\n<title>WAYNIUM Notifier - WAY-Plan<\/title>\n<meta name=\"robots\" content=\"noindex, follow\" \/>\n<meta property=\"og:locale\" content=\"pt_PT\" \/>\n<meta property=\"og:type\" content=\"article\" \/>\n<meta property=\"og:title\" content=\"WAYNIUM Notifier - WAY-Plan\" \/>\n<meta property=\"og:description\" content=\"Installation fee, then 50 \u20ac \/ month  Set-up to customer specifications.\" \/>\n<meta property=\"og:url\" content=\"https:\/\/www.way-plan.com\/pt\/produto\/notificador-waynium\/\" \/>\n<meta property=\"og:site_name\" content=\"WAY-Plan\" \/>\n<meta property=\"article:publisher\" content=\"https:\/\/www.facebook.com\/WAYNIUM\/\" \/>\n<meta property=\"article:modified_time\" content=\"2025-01-27T11:27:06+00:00\" \/>\n<meta property=\"og:image\" content=\"https:\/\/www.way-plan.com\/wp-content\/uploads\/2021\/03\/api-waynium.png\" \/>\n\t<meta property=\"og:image:width\" content=\"700\" \/>\n\t<meta property=\"og:image:height\" content=\"700\" \/>\n\t<meta property=\"og:image:type\" content=\"image\/png\" \/>\n<meta name=\"twitter:card\" content=\"summary_large_image\" \/>\n<meta name=\"twitter:label1\" content=\"Tempo estimado de leitura\" \/>\n\t<meta name=\"twitter:data1\" content=\"1 minuto\" \/>\n<script type=\"application\/ld+json\" class=\"yoast-schema-graph\">{\"@context\":\"https:\/\/schema.org\",\"@graph\":[{\"@type\":\"WebPage\",\"@id\":\"https:\/\/www.way-plan.com\/product\/waynium-notifier\/\",\"url\":\"https:\/\/www.way-plan.com\/product\/waynium-notifier\/\",\"name\":\"WAYNIUM Notifier - WAY-Plan\",\"isPartOf\":{\"@id\":\"https:\/\/www.way-plan.com\/#website\"},\"primaryImageOfPage\":{\"@id\":\"https:\/\/www.way-plan.com\/product\/waynium-notifier\/#primaryimage\"},\"image\":{\"@id\":\"https:\/\/www.way-plan.com\/product\/waynium-notifier\/#primaryimage\"},\"thumbnailUrl\":\"https:\/\/www.way-plan.com\/wp-content\/uploads\/2021\/03\/api-waynium.png\",\"datePublished\":\"2025-01-27T11:23:27+00:00\",\"dateModified\":\"2025-01-27T11:27:06+00:00\",\"breadcrumb\":{\"@id\":\"https:\/\/www.way-plan.com\/product\/waynium-notifier\/#breadcrumb\"},\"inLanguage\":\"pt-PT\",\"potentialAction\":[{\"@type\":\"ReadAction\",\"target\":[\"https:\/\/www.way-plan.com\/product\/waynium-notifier\/\"]}]},{\"@type\":\"ImageObject\",\"inLanguage\":\"pt-PT\",\"@id\":\"https:\/\/www.way-plan.com\/product\/waynium-notifier\/#primaryimage\",\"url\":\"https:\/\/www.way-plan.com\/wp-content\/uploads\/2021\/03\/api-waynium.png\",\"contentUrl\":\"https:\/\/www.way-plan.com\/wp-content\/uploads\/2021\/03\/api-waynium.png\",\"width\":700,\"height\":700},{\"@type\":\"BreadcrumbList\",\"@id\":\"https:\/\/www.way-plan.com\/product\/waynium-notifier\/#breadcrumb\",\"itemListElement\":[{\"@type\":\"ListItem\",\"position\":1,\"name\":\"Home\",\"item\":\"https:\/\/www.way-plan.com\/\"},{\"@type\":\"ListItem\",\"position\":2,\"name\":\"Priv\u00e9\u00a0: Shop\",\"item\":\"https:\/\/www.way-plan.com\/shop\/\"},{\"@type\":\"ListItem\",\"position\":3,\"name\":\"WAYNIUM Notifier\"}]},{\"@type\":\"WebSite\",\"@id\":\"https:\/\/www.way-plan.com\/#website\",\"url\":\"https:\/\/www.way-plan.com\/\",\"name\":\"WAY-Plan\",\"description\":\"People transportation management software\",\"publisher\":{\"@id\":\"https:\/\/www.way-plan.com\/#organization\"},\"potentialAction\":[{\"@type\":\"SearchAction\",\"target\":{\"@type\":\"EntryPoint\",\"urlTemplate\":\"https:\/\/www.way-plan.com\/?s={search_term_string}\"},\"query-input\":{\"@type\":\"PropertyValueSpecification\",\"valueRequired\":true,\"valueName\":\"search_term_string\"}}],\"inLanguage\":\"pt-PT\"},{\"@type\":\"Organization\",\"@id\":\"https:\/\/www.way-plan.com\/#organization\",\"name\":\"Way Plan\",\"url\":\"https:\/\/www.way-plan.com\/\",\"logo\":{\"@type\":\"ImageObject\",\"inLanguage\":\"pt-PT\",\"@id\":\"https:\/\/www.way-plan.com\/#\/schema\/logo\/image\/\",\"url\":\"https:\/\/wordpress.way-plan.com\/wp-content\/uploads\/2020\/11\/logoWAYNIUM-borderless.png\",\"contentUrl\":\"https:\/\/wordpress.way-plan.com\/wp-content\/uploads\/2020\/11\/logoWAYNIUM-borderless.png\",\"width\":1561,\"height\":319,\"caption\":\"Way Plan\"},\"image\":{\"@id\":\"https:\/\/www.way-plan.com\/#\/schema\/logo\/image\/\"},\"sameAs\":[\"https:\/\/www.facebook.com\/WAYNIUM\/\",\"https:\/\/www.linkedin.com\/company\/waynium\/\",\"https:\/\/www.youtube.com\/channel\/UCXiEq9wJ-j6cY2CBdpOYc1w\"]}]}<\/script>\n<!-- \/ Yoast SEO plugin. -->","yoast_head_json":{"title":"WAYNIUM Notifier - WAY-Plan","robots":{"index":"noindex","follow":"follow"},"og_locale":"pt_PT","og_type":"article","og_title":"WAYNIUM Notifier - WAY-Plan","og_description":"Installation fee, then 50 \u20ac \/ month  Set-up to customer specifications.","og_url":"https:\/\/www.way-plan.com\/pt\/produto\/notificador-waynium\/","og_site_name":"WAY-Plan","article_publisher":"https:\/\/www.facebook.com\/WAYNIUM\/","article_modified_time":"2025-01-27T11:27:06+00:00","og_image":[{"width":700,"height":700,"url":"https:\/\/www.way-plan.com\/wp-content\/uploads\/2021\/03\/api-waynium.png","type":"image\/png"}],"twitter_card":"summary_large_image","twitter_misc":{"Tempo estimado de leitura":"1 minuto"},"schema":{"@context":"https:\/\/schema.org","@graph":[{"@type":"WebPage","@id":"https:\/\/www.way-plan.com\/product\/waynium-notifier\/","url":"https:\/\/www.way-plan.com\/product\/waynium-notifier\/","name":"WAYNIUM Notifier - WAY-Plan","isPartOf":{"@id":"https:\/\/www.way-plan.com\/#website"},"primaryImageOfPage":{"@id":"https:\/\/www.way-plan.com\/product\/waynium-notifier\/#primaryimage"},"image":{"@id":"https:\/\/www.way-plan.com\/product\/waynium-notifier\/#primaryimage"},"thumbnailUrl":"https:\/\/www.way-plan.com\/wp-content\/uploads\/2021\/03\/api-waynium.png","datePublished":"2025-01-27T11:23:27+00:00","dateModified":"2025-01-27T11:27:06+00:00","breadcrumb":{"@id":"https:\/\/www.way-plan.com\/product\/waynium-notifier\/#breadcrumb"},"inLanguage":"pt-PT","potentialAction":[{"@type":"ReadAction","target":["https:\/\/www.way-plan.com\/product\/waynium-notifier\/"]}]},{"@type":"ImageObject","inLanguage":"pt-PT","@id":"https:\/\/www.way-plan.com\/product\/waynium-notifier\/#primaryimage","url":"https:\/\/www.way-plan.com\/wp-content\/uploads\/2021\/03\/api-waynium.png","contentUrl":"https:\/\/www.way-plan.com\/wp-content\/uploads\/2021\/03\/api-waynium.png","width":700,"height":700},{"@type":"BreadcrumbList","@id":"https:\/\/www.way-plan.com\/product\/waynium-notifier\/#breadcrumb","itemListElement":[{"@type":"ListItem","position":1,"name":"Home","item":"https:\/\/www.way-plan.com\/"},{"@type":"ListItem","position":2,"name":"Priv\u00e9\u00a0: Shop","item":"https:\/\/www.way-plan.com\/shop\/"},{"@type":"ListItem","position":3,"name":"WAYNIUM Notifier"}]},{"@type":"WebSite","@id":"https:\/\/www.way-plan.com\/#website","url":"https:\/\/www.way-plan.com\/","name":"Plano WAY","description":"Software de gest\u00e3o de transportes de pessoas","publisher":{"@id":"https:\/\/www.way-plan.com\/#organization"},"potentialAction":[{"@type":"SearchAction","target":{"@type":"EntryPoint","urlTemplate":"https:\/\/www.way-plan.com\/?s={search_term_string}"},"query-input":{"@type":"PropertyValueSpecification","valueRequired":true,"valueName":"search_term_string"}}],"inLanguage":"pt-PT"},{"@type":"Organization","@id":"https:\/\/www.way-plan.com\/#organization","name":"Plano de desloca\u00e7\u00e3o","url":"https:\/\/www.way-plan.com\/","logo":{"@type":"ImageObject","inLanguage":"pt-PT","@id":"https:\/\/www.way-plan.com\/#\/schema\/logo\/image\/","url":"https:\/\/wordpress.way-plan.com\/wp-content\/uploads\/2020\/11\/logoWAYNIUM-borderless.png","contentUrl":"https:\/\/wordpress.way-plan.com\/wp-content\/uploads\/2020\/11\/logoWAYNIUM-borderless.png","width":1561,"height":319,"caption":"Way Plan"},"image":{"@id":"https:\/\/www.way-plan.com\/#\/schema\/logo\/image\/"},"sameAs":["https:\/\/www.facebook.com\/WAYNIUM\/","https:\/\/www.linkedin.com\/company\/waynium\/","https:\/\/www.youtube.com\/channel\/UCXiEq9wJ-j6cY2CBdpOYc1w"]}]}},"_links":{"self":[{"href":"https:\/\/www.way-plan.com\/pt\/wp-json\/wp\/v2\/product\/15272","targetHints":{"allow":["GET"]}}],"collection":[{"href":"https:\/\/www.way-plan.com\/pt\/wp-json\/wp\/v2\/product"}],"about":[{"href":"https:\/\/www.way-plan.com\/pt\/wp-json\/wp\/v2\/types\/product"}],"wp:featuredmedia":[{"embeddable":true,"href":"https:\/\/www.way-plan.com\/pt\/wp-json\/wp\/v2\/media\/12614"}],"wp:attachment":[{"href":"https:\/\/www.way-plan.com\/pt\/wp-json\/wp\/v2\/media?parent=15272"}],"wp:term":[{"taxonomy":"product_brand","embeddable":true,"href":"https:\/\/www.way-plan.com\/pt\/wp-json\/wp\/v2\/product_brand?post=15272"},{"taxonomy":"product_cat","embeddable":true,"href":"https:\/\/www.way-plan.com\/pt\/wp-json\/wp\/v2\/product_cat?post=15272"},{"taxonomy":"product_tag","embeddable":true,"href":"https:\/\/www.way-plan.com\/pt\/wp-json\/wp\/v2\/product_tag?post=15272"}],"curies":[{"name":"wp","href":"https:\/\/api.w.org\/{rel}","templated":true}]}}