{"id":7304,"date":"2020-06-18T13:41:57","date_gmt":"2020-06-18T11:41:57","guid":{"rendered":"http:\/\/wordpress.waynium.com\/?post_type=product&#038;p=7304"},"modified":"2023-02-02T15:40:20","modified_gmt":"2023-02-02T14:40:20","slug":"plano-de-acesso","status":"publish","type":"product","link":"https:\/\/www.way-plan.com\/pt\/product\/access-plan\/","title":{"rendered":"Plano ACCESS"},"content":{"rendered":"<p><strong>Taxa de instala\u00e7\u00e3o, depois 189 \u20ac \/ m\u00eas<\/strong><br \/>\n<br \/><strong>5<\/strong> Condutores \/ Ve\u00edculos <strong>inclu\u00eddo<\/strong><\/p>\n<p>Instala\u00e7\u00e3o do seu WAY-Plan e acesso a todos os m\u00f3dulos de gest\u00e3o: or\u00e7amentos e facturas, Visualimo Planning, Customer Area, WAYD Driver App.<\/p>\n<p>Forma\u00e7\u00e3o inicial por videoconfer\u00eancia (em m\u00e9dia 6 horas).<br \/>\nSuporte ilimitado ao utilizador e gest\u00e3o de altera\u00e7\u00f5es.<\/p>\n<p>Acesso gratuito \u00e0 plataforma empresarial WAY-Corp.<\/p>","protected":false},"excerpt":{"rendered":"<p><strong>Taxa de instala\u00e7\u00e3o, depois 189 \u20ac \/ m\u00eas<br \/>\n<br \/><strong>5<\/strong>Condutores \/ Ve\u00edculos <strong>inclu\u00eddo<\/strong><\/p>","protected":false},"featured_media":12623,"template":"","meta":{"_acf_changed":false},"product_brand":[],"product_cat":[32],"product_tag":[],"class_list":{"0":"post-7304","1":"product","2":"type-product","3":"status-publish","4":"has-post-thumbnail","6":"product_cat-offres","8":"first","9":"instock","10":"virtual","11":"sold-individually","12":"taxable","13":"purchasable","14":"product-type-simple"},"acf":[],"yoast_head":"<!-- This site is optimized with the Yoast SEO plugin v27.0 - https:\/\/yoast.com\/product\/yoast-seo-wordpress\/ -->\n<title>ACCESS Plan - WAY-Plan<\/title>\n<meta name=\"robots\" content=\"noindex, follow\" \/>\n<meta property=\"og:locale\" content=\"pt_PT\" \/>\n<meta property=\"og:type\" content=\"article\" \/>\n<meta property=\"og:title\" content=\"ACCESS Plan - WAY-Plan\" \/>\n<meta property=\"og:description\" content=\"Installation fee, then 189 \u20ac \/ month 5Drivers \/ Vehicles included\" \/>\n<meta property=\"og:url\" content=\"https:\/\/www.way-plan.com\/pt\/produto\/plano-de-acesso\/\" \/>\n<meta property=\"og:site_name\" content=\"WAY-Plan\" \/>\n<meta property=\"article:publisher\" content=\"https:\/\/www.facebook.com\/WAYNIUM\/\" \/>\n<meta property=\"article:modified_time\" content=\"2023-02-02T14:40:20+00:00\" \/>\n<meta property=\"og:image\" content=\"https:\/\/www.way-plan.com\/wp-content\/uploads\/2021\/03\/wayplan-access.png\" \/>\n\t<meta property=\"og:image:width\" content=\"700\" \/>\n\t<meta property=\"og:image:height\" content=\"700\" \/>\n\t<meta property=\"og:image:type\" content=\"image\/png\" \/>\n<meta name=\"twitter:card\" content=\"summary_large_image\" \/>\n<script type=\"application\/ld+json\" class=\"yoast-schema-graph\">{\"@context\":\"https:\/\/schema.org\",\"@graph\":[{\"@type\":\"WebPage\",\"@id\":\"https:\/\/www.way-plan.com\/product\/access-plan\/\",\"url\":\"https:\/\/www.way-plan.com\/product\/access-plan\/\",\"name\":\"ACCESS Plan - WAY-Plan\",\"isPartOf\":{\"@id\":\"https:\/\/www.way-plan.com\/#website\"},\"primaryImageOfPage\":{\"@id\":\"https:\/\/www.way-plan.com\/product\/access-plan\/#primaryimage\"},\"image\":{\"@id\":\"https:\/\/www.way-plan.com\/product\/access-plan\/#primaryimage\"},\"thumbnailUrl\":\"https:\/\/www.way-plan.com\/wp-content\/uploads\/2021\/03\/wayplan-access.png\",\"datePublished\":\"2020-06-18T11:41:57+00:00\",\"dateModified\":\"2023-02-02T14:40:20+00:00\",\"breadcrumb\":{\"@id\":\"https:\/\/www.way-plan.com\/product\/access-plan\/#breadcrumb\"},\"inLanguage\":\"pt-PT\",\"potentialAction\":[{\"@type\":\"ReadAction\",\"target\":[\"https:\/\/www.way-plan.com\/product\/access-plan\/\"]}]},{\"@type\":\"ImageObject\",\"inLanguage\":\"pt-PT\",\"@id\":\"https:\/\/www.way-plan.com\/product\/access-plan\/#primaryimage\",\"url\":\"https:\/\/www.way-plan.com\/wp-content\/uploads\/2021\/03\/wayplan-access.png\",\"contentUrl\":\"https:\/\/www.way-plan.com\/wp-content\/uploads\/2021\/03\/wayplan-access.png\",\"width\":700,\"height\":700},{\"@type\":\"BreadcrumbList\",\"@id\":\"https:\/\/www.way-plan.com\/product\/access-plan\/#breadcrumb\",\"itemListElement\":[{\"@type\":\"ListItem\",\"position\":1,\"name\":\"Home\",\"item\":\"https:\/\/www.way-plan.com\/\"},{\"@type\":\"ListItem\",\"position\":2,\"name\":\"Priv\u00e9\u00a0: Shop\",\"item\":\"https:\/\/www.way-plan.com\/shop\/\"},{\"@type\":\"ListItem\",\"position\":3,\"name\":\"ACCESS Plan\"}]},{\"@type\":\"WebSite\",\"@id\":\"https:\/\/www.way-plan.com\/#website\",\"url\":\"https:\/\/www.way-plan.com\/\",\"name\":\"WAY-Plan\",\"description\":\"People transportation management software\",\"publisher\":{\"@id\":\"https:\/\/www.way-plan.com\/#organization\"},\"potentialAction\":[{\"@type\":\"SearchAction\",\"target\":{\"@type\":\"EntryPoint\",\"urlTemplate\":\"https:\/\/www.way-plan.com\/?s={search_term_string}\"},\"query-input\":{\"@type\":\"PropertyValueSpecification\",\"valueRequired\":true,\"valueName\":\"search_term_string\"}}],\"inLanguage\":\"pt-PT\"},{\"@type\":\"Organization\",\"@id\":\"https:\/\/www.way-plan.com\/#organization\",\"name\":\"Way Plan\",\"url\":\"https:\/\/www.way-plan.com\/\",\"logo\":{\"@type\":\"ImageObject\",\"inLanguage\":\"pt-PT\",\"@id\":\"https:\/\/www.way-plan.com\/#\/schema\/logo\/image\/\",\"url\":\"https:\/\/wordpress.way-plan.com\/wp-content\/uploads\/2020\/11\/logoWAYNIUM-borderless.png\",\"contentUrl\":\"https:\/\/wordpress.way-plan.com\/wp-content\/uploads\/2020\/11\/logoWAYNIUM-borderless.png\",\"width\":1561,\"height\":319,\"caption\":\"Way Plan\"},\"image\":{\"@id\":\"https:\/\/www.way-plan.com\/#\/schema\/logo\/image\/\"},\"sameAs\":[\"https:\/\/www.facebook.com\/WAYNIUM\/\",\"https:\/\/www.linkedin.com\/company\/waynium\/\",\"https:\/\/www.youtube.com\/channel\/UCXiEq9wJ-j6cY2CBdpOYc1w\"]}]}<\/script>\n<!-- \/ Yoast SEO plugin. -->","yoast_head_json":{"title":"Plano ACCESS - Plano WAY","robots":{"index":"noindex","follow":"follow"},"og_locale":"pt_PT","og_type":"article","og_title":"ACCESS Plan - WAY-Plan","og_description":"Installation fee, then 189 \u20ac \/ month 5Drivers \/ Vehicles included","og_url":"https:\/\/www.way-plan.com\/pt\/produto\/plano-de-acesso\/","og_site_name":"WAY-Plan","article_publisher":"https:\/\/www.facebook.com\/WAYNIUM\/","article_modified_time":"2023-02-02T14:40:20+00:00","og_image":[{"width":700,"height":700,"url":"https:\/\/www.way-plan.com\/wp-content\/uploads\/2021\/03\/wayplan-access.png","type":"image\/png"}],"twitter_card":"summary_large_image","schema":{"@context":"https:\/\/schema.org","@graph":[{"@type":"WebPage","@id":"https:\/\/www.way-plan.com\/product\/access-plan\/","url":"https:\/\/www.way-plan.com\/product\/access-plan\/","name":"Plano ACCESS - Plano WAY","isPartOf":{"@id":"https:\/\/www.way-plan.com\/#website"},"primaryImageOfPage":{"@id":"https:\/\/www.way-plan.com\/product\/access-plan\/#primaryimage"},"image":{"@id":"https:\/\/www.way-plan.com\/product\/access-plan\/#primaryimage"},"thumbnailUrl":"https:\/\/www.way-plan.com\/wp-content\/uploads\/2021\/03\/wayplan-access.png","datePublished":"2020-06-18T11:41:57+00:00","dateModified":"2023-02-02T14:40:20+00:00","breadcrumb":{"@id":"https:\/\/www.way-plan.com\/product\/access-plan\/#breadcrumb"},"inLanguage":"pt-PT","potentialAction":[{"@type":"ReadAction","target":["https:\/\/www.way-plan.com\/product\/access-plan\/"]}]},{"@type":"ImageObject","inLanguage":"pt-PT","@id":"https:\/\/www.way-plan.com\/product\/access-plan\/#primaryimage","url":"https:\/\/www.way-plan.com\/wp-content\/uploads\/2021\/03\/wayplan-access.png","contentUrl":"https:\/\/www.way-plan.com\/wp-content\/uploads\/2021\/03\/wayplan-access.png","width":700,"height":700},{"@type":"BreadcrumbList","@id":"https:\/\/www.way-plan.com\/product\/access-plan\/#breadcrumb","itemListElement":[{"@type":"ListItem","position":1,"name":"Home","item":"https:\/\/www.way-plan.com\/"},{"@type":"ListItem","position":2,"name":"Priv\u00e9\u00a0: Shop","item":"https:\/\/www.way-plan.com\/shop\/"},{"@type":"ListItem","position":3,"name":"ACCESS Plan"}]},{"@type":"WebSite","@id":"https:\/\/www.way-plan.com\/#website","url":"https:\/\/www.way-plan.com\/","name":"Plano WAY","description":"Software de gest\u00e3o de transportes de pessoas","publisher":{"@id":"https:\/\/www.way-plan.com\/#organization"},"potentialAction":[{"@type":"SearchAction","target":{"@type":"EntryPoint","urlTemplate":"https:\/\/www.way-plan.com\/?s={search_term_string}"},"query-input":{"@type":"PropertyValueSpecification","valueRequired":true,"valueName":"search_term_string"}}],"inLanguage":"pt-PT"},{"@type":"Organization","@id":"https:\/\/www.way-plan.com\/#organization","name":"Plano de desloca\u00e7\u00e3o","url":"https:\/\/www.way-plan.com\/","logo":{"@type":"ImageObject","inLanguage":"pt-PT","@id":"https:\/\/www.way-plan.com\/#\/schema\/logo\/image\/","url":"https:\/\/wordpress.way-plan.com\/wp-content\/uploads\/2020\/11\/logoWAYNIUM-borderless.png","contentUrl":"https:\/\/wordpress.way-plan.com\/wp-content\/uploads\/2020\/11\/logoWAYNIUM-borderless.png","width":1561,"height":319,"caption":"Way Plan"},"image":{"@id":"https:\/\/www.way-plan.com\/#\/schema\/logo\/image\/"},"sameAs":["https:\/\/www.facebook.com\/WAYNIUM\/","https:\/\/www.linkedin.com\/company\/waynium\/","https:\/\/www.youtube.com\/channel\/UCXiEq9wJ-j6cY2CBdpOYc1w"]}]}},"_links":{"self":[{"href":"https:\/\/www.way-plan.com\/pt\/wp-json\/wp\/v2\/product\/7304","targetHints":{"allow":["GET"]}}],"collection":[{"href":"https:\/\/www.way-plan.com\/pt\/wp-json\/wp\/v2\/product"}],"about":[{"href":"https:\/\/www.way-plan.com\/pt\/wp-json\/wp\/v2\/types\/product"}],"wp:featuredmedia":[{"embeddable":true,"href":"https:\/\/www.way-plan.com\/pt\/wp-json\/wp\/v2\/media\/12623"}],"wp:attachment":[{"href":"https:\/\/www.way-plan.com\/pt\/wp-json\/wp\/v2\/media?parent=7304"}],"wp:term":[{"taxonomy":"product_brand","embeddable":true,"href":"https:\/\/www.way-plan.com\/pt\/wp-json\/wp\/v2\/product_brand?post=7304"},{"taxonomy":"product_cat","embeddable":true,"href":"https:\/\/www.way-plan.com\/pt\/wp-json\/wp\/v2\/product_cat?post=7304"},{"taxonomy":"product_tag","embeddable":true,"href":"https:\/\/www.way-plan.com\/pt\/wp-json\/wp\/v2\/product_tag?post=7304"}],"curies":[{"name":"wp","href":"https:\/\/api.w.org\/{rel}","templated":true}]}}