{"id":8734,"date":"2021-01-12T17:28:35","date_gmt":"2021-01-12T16:28:35","guid":{"rendered":"https:\/\/wordpress.way-plan.com\/?post_type=product&#038;p=8734"},"modified":"2023-02-02T15:38:03","modified_gmt":"2023-02-02T14:38:03","slug":"entidade-empresarial-adicional","status":"publish","type":"product","link":"https:\/\/www.way-plan.com\/pt\/product\/additional-business-entity\/","title":{"rendered":"Entidade empresarial adicional"},"content":{"rendered":"<p><strong>Taxa de instala\u00e7\u00e3o, depois 50 \u20ac \/ m\u00eas<\/strong>.<\/p>\n<p>Instala\u00e7\u00e3o e configura\u00e7\u00e3o de uma segunda entidade empresarial dentro da mesma licen\u00e7a WAY-Plan.<\/p>","protected":false},"excerpt":{"rendered":"<p><strong>Taxa de instala\u00e7\u00e3o, depois 50 \u20ac \/ m\u00eas<\/strong>.<\/p>\n<p>Instala\u00e7\u00e3o e configura\u00e7\u00e3o de uma segunda entidade empresarial dentro da mesma licen\u00e7a WAY-Plan.<\/p>","protected":false},"featured_media":0,"template":"","meta":{"_acf_changed":false},"product_brand":[],"product_cat":[33],"product_tag":[],"class_list":{"0":"post-8734","1":"product","2":"type-product","3":"status-publish","5":"product_cat-options","7":"first","8":"instock","9":"virtual","10":"sold-individually","11":"taxable","12":"purchasable","13":"product-type-simple"},"acf":[],"yoast_head":"<!-- This site is optimized with the Yoast SEO plugin v27.0 - https:\/\/yoast.com\/product\/yoast-seo-wordpress\/ -->\n<title>Additional business entity - WAY-Plan<\/title>\n<meta name=\"robots\" content=\"noindex, follow\" \/>\n<meta property=\"og:locale\" content=\"pt_PT\" \/>\n<meta property=\"og:type\" content=\"article\" \/>\n<meta property=\"og:title\" content=\"Additional business entity - WAY-Plan\" \/>\n<meta property=\"og:description\" content=\"Installation fee, then 50 \u20ac \/ month.  Set up and configuration of a second business entity within the same WAY-Plan license.\" \/>\n<meta property=\"og:url\" content=\"https:\/\/www.way-plan.com\/pt\/produto\/entidade-empresarial-adicional\/\" \/>\n<meta property=\"og:site_name\" content=\"WAY-Plan\" \/>\n<meta property=\"article:publisher\" content=\"https:\/\/www.facebook.com\/WAYNIUM\/\" \/>\n<meta property=\"article:modified_time\" content=\"2023-02-02T14:38:03+00:00\" \/>\n<meta name=\"twitter:card\" content=\"summary_large_image\" \/>\n<meta name=\"twitter:label1\" content=\"Tempo estimado de leitura\" \/>\n\t<meta name=\"twitter:data1\" content=\"1 minuto\" \/>\n<script type=\"application\/ld+json\" class=\"yoast-schema-graph\">{\"@context\":\"https:\/\/schema.org\",\"@graph\":[{\"@type\":\"WebPage\",\"@id\":\"https:\/\/www.way-plan.com\/product\/additional-business-entity\/\",\"url\":\"https:\/\/www.way-plan.com\/product\/additional-business-entity\/\",\"name\":\"Additional business entity - WAY-Plan\",\"isPartOf\":{\"@id\":\"https:\/\/www.way-plan.com\/#website\"},\"datePublished\":\"2021-01-12T16:28:35+00:00\",\"dateModified\":\"2023-02-02T14:38:03+00:00\",\"breadcrumb\":{\"@id\":\"https:\/\/www.way-plan.com\/product\/additional-business-entity\/#breadcrumb\"},\"inLanguage\":\"pt-PT\",\"potentialAction\":[{\"@type\":\"ReadAction\",\"target\":[\"https:\/\/www.way-plan.com\/product\/additional-business-entity\/\"]}]},{\"@type\":\"BreadcrumbList\",\"@id\":\"https:\/\/www.way-plan.com\/product\/additional-business-entity\/#breadcrumb\",\"itemListElement\":[{\"@type\":\"ListItem\",\"position\":1,\"name\":\"Home\",\"item\":\"https:\/\/www.way-plan.com\/\"},{\"@type\":\"ListItem\",\"position\":2,\"name\":\"Priv\u00e9\u00a0: Shop\",\"item\":\"https:\/\/www.way-plan.com\/shop\/\"},{\"@type\":\"ListItem\",\"position\":3,\"name\":\"Additional business entity\"}]},{\"@type\":\"WebSite\",\"@id\":\"https:\/\/www.way-plan.com\/#website\",\"url\":\"https:\/\/www.way-plan.com\/\",\"name\":\"WAY-Plan\",\"description\":\"People transportation management software\",\"publisher\":{\"@id\":\"https:\/\/www.way-plan.com\/#organization\"},\"potentialAction\":[{\"@type\":\"SearchAction\",\"target\":{\"@type\":\"EntryPoint\",\"urlTemplate\":\"https:\/\/www.way-plan.com\/?s={search_term_string}\"},\"query-input\":{\"@type\":\"PropertyValueSpecification\",\"valueRequired\":true,\"valueName\":\"search_term_string\"}}],\"inLanguage\":\"pt-PT\"},{\"@type\":\"Organization\",\"@id\":\"https:\/\/www.way-plan.com\/#organization\",\"name\":\"Way Plan\",\"url\":\"https:\/\/www.way-plan.com\/\",\"logo\":{\"@type\":\"ImageObject\",\"inLanguage\":\"pt-PT\",\"@id\":\"https:\/\/www.way-plan.com\/#\/schema\/logo\/image\/\",\"url\":\"https:\/\/wordpress.way-plan.com\/wp-content\/uploads\/2020\/11\/logoWAYNIUM-borderless.png\",\"contentUrl\":\"https:\/\/wordpress.way-plan.com\/wp-content\/uploads\/2020\/11\/logoWAYNIUM-borderless.png\",\"width\":1561,\"height\":319,\"caption\":\"Way Plan\"},\"image\":{\"@id\":\"https:\/\/www.way-plan.com\/#\/schema\/logo\/image\/\"},\"sameAs\":[\"https:\/\/www.facebook.com\/WAYNIUM\/\",\"https:\/\/www.linkedin.com\/company\/waynium\/\",\"https:\/\/www.youtube.com\/channel\/UCXiEq9wJ-j6cY2CBdpOYc1w\"]}]}<\/script>\n<!-- \/ Yoast SEO plugin. -->","yoast_head_json":{"title":"Entidade empresarial adicional - WAY-Plan","robots":{"index":"noindex","follow":"follow"},"og_locale":"pt_PT","og_type":"article","og_title":"Additional business entity - WAY-Plan","og_description":"Installation fee, then 50 \u20ac \/ month.  Set up and configuration of a second business entity within the same WAY-Plan license.","og_url":"https:\/\/www.way-plan.com\/pt\/produto\/entidade-empresarial-adicional\/","og_site_name":"WAY-Plan","article_publisher":"https:\/\/www.facebook.com\/WAYNIUM\/","article_modified_time":"2023-02-02T14:38:03+00:00","twitter_card":"summary_large_image","twitter_misc":{"Tempo estimado de leitura":"1 minuto"},"schema":{"@context":"https:\/\/schema.org","@graph":[{"@type":"WebPage","@id":"https:\/\/www.way-plan.com\/product\/additional-business-entity\/","url":"https:\/\/www.way-plan.com\/product\/additional-business-entity\/","name":"Entidade empresarial adicional - WAY-Plan","isPartOf":{"@id":"https:\/\/www.way-plan.com\/#website"},"datePublished":"2021-01-12T16:28:35+00:00","dateModified":"2023-02-02T14:38:03+00:00","breadcrumb":{"@id":"https:\/\/www.way-plan.com\/product\/additional-business-entity\/#breadcrumb"},"inLanguage":"pt-PT","potentialAction":[{"@type":"ReadAction","target":["https:\/\/www.way-plan.com\/product\/additional-business-entity\/"]}]},{"@type":"BreadcrumbList","@id":"https:\/\/www.way-plan.com\/product\/additional-business-entity\/#breadcrumb","itemListElement":[{"@type":"ListItem","position":1,"name":"Home","item":"https:\/\/www.way-plan.com\/"},{"@type":"ListItem","position":2,"name":"Priv\u00e9\u00a0: Shop","item":"https:\/\/www.way-plan.com\/shop\/"},{"@type":"ListItem","position":3,"name":"Additional business entity"}]},{"@type":"WebSite","@id":"https:\/\/www.way-plan.com\/#website","url":"https:\/\/www.way-plan.com\/","name":"Plano WAY","description":"Software de gest\u00e3o de transportes de pessoas","publisher":{"@id":"https:\/\/www.way-plan.com\/#organization"},"potentialAction":[{"@type":"SearchAction","target":{"@type":"EntryPoint","urlTemplate":"https:\/\/www.way-plan.com\/?s={search_term_string}"},"query-input":{"@type":"PropertyValueSpecification","valueRequired":true,"valueName":"search_term_string"}}],"inLanguage":"pt-PT"},{"@type":"Organization","@id":"https:\/\/www.way-plan.com\/#organization","name":"Plano de desloca\u00e7\u00e3o","url":"https:\/\/www.way-plan.com\/","logo":{"@type":"ImageObject","inLanguage":"pt-PT","@id":"https:\/\/www.way-plan.com\/#\/schema\/logo\/image\/","url":"https:\/\/wordpress.way-plan.com\/wp-content\/uploads\/2020\/11\/logoWAYNIUM-borderless.png","contentUrl":"https:\/\/wordpress.way-plan.com\/wp-content\/uploads\/2020\/11\/logoWAYNIUM-borderless.png","width":1561,"height":319,"caption":"Way Plan"},"image":{"@id":"https:\/\/www.way-plan.com\/#\/schema\/logo\/image\/"},"sameAs":["https:\/\/www.facebook.com\/WAYNIUM\/","https:\/\/www.linkedin.com\/company\/waynium\/","https:\/\/www.youtube.com\/channel\/UCXiEq9wJ-j6cY2CBdpOYc1w"]}]}},"_links":{"self":[{"href":"https:\/\/www.way-plan.com\/pt\/wp-json\/wp\/v2\/product\/8734","targetHints":{"allow":["GET"]}}],"collection":[{"href":"https:\/\/www.way-plan.com\/pt\/wp-json\/wp\/v2\/product"}],"about":[{"href":"https:\/\/www.way-plan.com\/pt\/wp-json\/wp\/v2\/types\/product"}],"wp:attachment":[{"href":"https:\/\/www.way-plan.com\/pt\/wp-json\/wp\/v2\/media?parent=8734"}],"wp:term":[{"taxonomy":"product_brand","embeddable":true,"href":"https:\/\/www.way-plan.com\/pt\/wp-json\/wp\/v2\/product_brand?post=8734"},{"taxonomy":"product_cat","embeddable":true,"href":"https:\/\/www.way-plan.com\/pt\/wp-json\/wp\/v2\/product_cat?post=8734"},{"taxonomy":"product_tag","embeddable":true,"href":"https:\/\/www.way-plan.com\/pt\/wp-json\/wp\/v2\/product_tag?post=8734"}],"curies":[{"name":"wp","href":"https:\/\/api.w.org\/{rel}","templated":true}]}}